{"id":1751,"date":"2016-11-12T12:28:50","date_gmt":"2016-11-12T11:28:50","guid":{"rendered":"http:\/\/new.savorettisnc.com\/en\/?page_id=1751"},"modified":"2016-11-12T12:30:13","modified_gmt":"2016-11-12T11:30:13","slug":"privacy","status":"publish","type":"page","link":"https:\/\/savorettisnc.com\/en\/privacy\/","title":{"rendered":"Privacy"},"content":{"rendered":"<p style=\"text-align: justify;\"><strong>Informativa sul Trattamento dei dati personali &#8211; Privacy<\/strong><\/p>\n<p style=\"text-align: justify;\">Il Cliente \u00e8 tenuto a leggere attentamente le seguenti informazioni inerenti alla tutela della privacy: le norme che regolano la politica di privacy del Sito vengono applicate ogni qualvolta un Cliente accede al Sito e decide di navigare al suo interno e di usufruire dei servizi offerti, indipendentemente dall&#8217;acquisto dei Prodotti. La privacy policy di Savoretti Armando &amp; C.snc \u00e8 conforme all&#8217;informativa di cui all&#8217; art. 13 del D. Lgs. 196\/2003, denominato &#8220;Codice in materia di trattamento dei dati personali&#8221; riguardante gli utenti che accedono al Sito ed interagiscono con i servizi web di\u00a0 SAVORETTI ARMANDO di SAVORETTI G. &amp; F.LLI s.n.c.<\/p>\n<p>Si informa che il Sito contiene links ad altri siti Web che possono non avere con esso alcun collegamento e si precisa che le presenti Condizioni Generali sono valide per il solo Sito e non per altri siti Web che vengano consultati dall&#8217;utente tramite links gestiti da altri titolari, sui quali SAVORETTI ARMANDO di SAVORETTI G. &amp; F.LLI s.n.c. non effettua alcun controllo n\u00e8 monitoraggio. Si declina, pertanto, ogni responsabilit\u00e0 in caso di errori, contenuti, cookies, pubblicazioni di contenuto immorale, illecito, pubblicit\u00e0, banner o files non conformi alle disposizioni normative vigenti e del rispetto della normativa di tutela della privacy da parte di siti non gestiti dal titolare\u00a0 SAVORETTI ARMANDO di SAVORETTI G. &amp; F.LLI s.n.c.<\/p>\n<p>Titolare e responsabili del trattamento<\/p>\n<p>Il titolare del trattamento dei dati \u00e8 SAVORETTI ARMANDO di SAVORETTI G. &amp; F.LLI s.n.c. con sede legale in via ss. Regina Km.3.580-62018 Potenza Picena (MC) Italy.<\/p>\n<p>I dati personali forniti dal Cliente potranno essere trasmessi a terzi esclusivamente ai fini dell&#8217;espletamento dei servizi richiesti ed attivita istituzionali o connesse all&#8217;attivit\u00e0 svolta.<\/p>\n<p>In particolare i dati trattati da SAVORETTI ARMANDO di SAVORETTI G. &amp; F.LLI s.n.c possono essere utilizzati:<br \/>\na) per finalit\u00e0 connesse agli obblighi di legge o previsti da regolamenti e dalla normativa comunitaria nonch\u00e8 da disposizioni impartite da autorit\u00e0 a ci\u00e0 legittimate dalla legge;<br \/>\nb) per l&#8217;acquisto dei Prodotti attraverso l&#8217;apposito modulo d&#8217;ordine;<br \/>\nc) per l&#8217;evasione degli ordini;<br \/>\nd) per fornire i servizi di assistenza e customer care;<br \/>\ne) per la registrazione al Sito, attraverso il relativo modulo di registrazione, per fornire i servizi di accesso alle aree riservate;<br \/>\nf) per finalit\u00e0 funzionali all&#8217;attivit\u00e0 di SAVORETTI ARMANDO di SAVORETTI G. &amp; F.LLI s.n.c per le quali avr\u00e0 facolt\u00e0 di esprimere o negare il Suo consenso al trattamento, tra le quali rientrano, per esempio: invio di materiale pubblicitario, news, uso dei dati per fini statistici, e per la creazione di profili dei consumatori.<\/p>\n<p>In relazione alle sopra indicate finalit\u00e0, il trattamento avviene tramite incaricati preposti e mediante strumenti informatici e telematici, con elaborazione software ed archiviazione dei dati su database. Le modalit\u00e0 di trattamento sono tutte improntate a criteri e principi strettamente connessi e correlati alle finalit\u00e0 stesse e, comunque, in grado di assicurare la riservatezza e la sicurezza dei dati stessi.<\/p>\n<p>Natura obbligatoria o facoltativa delle informazioni richieste e dei dati raccolti.<\/p>\n<p>I dati personali del Cliente sono richiesti e raccolti, ed il loro conferimento \u00e8 obbligatorio per le finalit\u00e0 indicate alle lettere a), b), c), d) ed e). In tal caso il diniego del consenso non consentir\u00e0 la conclusione del contratto ovvero l&#8217;evasione da parte di SAVORETTI ARMANDO di SAVORETTI G. &amp; F.LLI s.n.c delle richieste del Cliente in ordine ai servizi disponibili. Il mancato conferimento del consenso al trattamento dei dati di tipo facoltativo e per le finalit\u00e0 di cui alla lettera f) non comporter\u00e0 alcuna conseguenza pregiudizievole. Per facilitare l&#8217;individuazione dei dati il cui conferimento \u00e8 di natura obbligatoria il campo relativo verr\u00e0 contrassegnato da un asterisco (*).<\/p>\n<p>Soggetti e categorie di soggetti ai quali i dati posso essere comunicati:<\/p>\n<p>Per l&#8217;adempimento delle obbligazioni contrattuali assunte, nonch\u00e8 per l&#8217;espletamento dei servizi forniti,L si avvale anche della collaborazione di societ\u00e0 esterne che svolgono attivit\u00e0 strettamente connesse e strumentali all&#8217;espletamento ed esecuzione dei contratti conclusi e dei servizi resi quali ad esempio:<\/p>\n<p>Gestione degli archivi clienti; Relazione con i clienti; Aziende di trasporto e spedizionieri per quanto concerne la consegna delle merci e le pratiche doganali; Istituti bancari per la gestione di incassi e pagamenti; Amministrazioni finanziare e altri enti in adempimento di obblighi normativi; Societ\u00e0 e studi legali per la tutela dei diritti inerenti ai rapporti contrattuali: Liberi professionisti per gli adempimenti amministrativo-contabili; Servizi postali; Societ\u00e0 collegate a SAVORETTI ARMANDO di SAVORETTI G. &amp; F.LLI s.n.c. per finalit\u00e0 di analisi di mercato, attivit\u00e0 di Marketing e comunicazione. Il trattamento dei dati da parte di questi soggetti \u00e8 finalizzato pertanto all&#8217;attuazione delle disposizioni ricevute dalla clientela e\/o all&#8217;archiviazione su supporti informatici. I dati potranno inoltre essere comunicati a tutti i soggetti ai quali la comunicazione sia dovuta in ragione degli obblighi di legge.<\/p>\n<p>Diritti del Cliente<\/p>\n<p>Conformemente all&#8217;Art. 7 D.lgs. 196\/2003 il Cliente ha diritto di accesso alle seguenti informazioni:<\/p>\n<p>1. Conferma dell&#8217;esistenza o meno di dati personali che lo riguardano, anche se non ancora registrati, e loro comunicazione in forma intelligibile.<\/p>\n<p>2. indicazione:<br \/>\na) dell&#8217;origine dei dati personali;<br \/>\nb) delle finalit\u00e0 e modalit\u00e0 del trattamento;<br \/>\nc) della politica applicata in caso di trattamento effettuato con l&#8217;ausilio di strumenti elettronici;<br \/>\nd) degli estremi identificativi del titolare, dei responsabili e del rappresentante designato ai sensi dell&#8217;Art. 5, comma 2;<br \/>\ne) dei soggetti o delle categorie di soggetti ai quali i dati personali possono essere comunicati o che possono venirne a conoscenza in qualit\u00e0 di rappresentante designato nel territorio dello Stato, di responsabili o incaricati.<\/p>\n<p>3. L&#8217;interessato ha diritto di ottenere:<br \/>\na) l&#8217;aggiornamento, la rettifica ovvero, qualora ne abbia interesse, l&#8217;integrazione dei dati;<br \/>\nb) la cancellazione, la trasformazione in forma anonima o il blocco dei dati trattati in violazione di legge, compresi quelli di cui non \u00e8 necessaria la conservazione in relazione agli scopi per i quali i dati sono stati raccolti o successivamente trattati;<br \/>\nc) l&#8217;attestazione che le operazioni di cui alle lettere a) e b) sono state portate a conoscenza, anche per quanto riguarda il loro contenuto, di coloro ai quali i dati sono stati comunicati o diffusi, eccettuato il caso in cui tale adempimento si rivela impossibile o comporta un impiego di mezzi manifestamente sproporzionato rispetto al diritto tutelato.<\/p>\n<p>4. L&#8217;interessato ha diritto di opporsi, in tutto o in parte:<br \/>\na) per motivi legittimi al trattamento dei dati personali che lo riguardano, ancorch\u00e0 pertinenti allo scopo della raccolta;<br \/>\nb) al trattamento di dati personali che lo riguardano a fini di invio di materiale pubblicitario o di vendita diretta o per il compimento di ricerche di mercato o di comunicazione commerciale.<\/p>\n<p>UTILIZZO DI COOKIES<br \/>\nIl nostro sito utilizza cookies di terze parti per il monitoraggio degli accessi, gli stessi vengono salvati in forma anonima, <a href=\"https:\/\/www.google.it\/intl\/it\/policies\/technologies\/types\/\">maggiori informazioni sono disponibili qui<\/a>, altre informazioni vengono salvata esclusivamente al fine di migliorare l&#8217;esperienza di navigazione nel sito. Navigando si accettano le modalit\u00e0 sopra esposte.<\/p>\n","protected":false},"excerpt":{"rendered":"<p>Informativa sul Trattamento dei dati personali &#8211; Privacy Il Cliente \u00e8 tenuto a leggere attentamente le seguenti informazioni inerenti alla tutela della privacy: le norme che regolano la politica di privacy del Sito vengono applicate ogni qualvolta un Cliente accede al Sito e decide di navigare al suo interno e di usufruire dei servizi offerti, [&#8230;]\n","protected":false},"author":1,"featured_media":0,"parent":0,"menu_order":0,"comment_status":"closed","ping_status":"open","template":"","meta":{"_monsterinsights_skip_tracking":false,"_monsterinsights_sitenote_active":false,"_monsterinsights_sitenote_note":"","_monsterinsights_sitenote_category":0,"footnotes":""},"class_list":["post-1751","page","type-page","status-publish","hentry"],"_links":{"self":[{"href":"https:\/\/savorettisnc.com\/en\/wp-json\/wp\/v2\/pages\/1751","targetHints":{"allow":["GET"]}}],"collection":[{"href":"https:\/\/savorettisnc.com\/en\/wp-json\/wp\/v2\/pages"}],"about":[{"href":"https:\/\/savorettisnc.com\/en\/wp-json\/wp\/v2\/types\/page"}],"author":[{"embeddable":true,"href":"https:\/\/savorettisnc.com\/en\/wp-json\/wp\/v2\/users\/1"}],"replies":[{"embeddable":true,"href":"https:\/\/savorettisnc.com\/en\/wp-json\/wp\/v2\/comments?post=1751"}],"version-history":[{"count":1,"href":"https:\/\/savorettisnc.com\/en\/wp-json\/wp\/v2\/pages\/1751\/revisions"}],"predecessor-version":[{"id":1752,"href":"https:\/\/savorettisnc.com\/en\/wp-json\/wp\/v2\/pages\/1751\/revisions\/1752"}],"wp:attachment":[{"href":"https:\/\/savorettisnc.com\/en\/wp-json\/wp\/v2\/media?parent=1751"}],"curies":[{"name":"wp","href":"https:\/\/api.w.org\/{rel}","templated":true}]}}